{"id":9891,"date":"2026-01-22T15:23:57","date_gmt":"2026-01-22T15:23:57","guid":{"rendered":"https:\/\/proyectosendesarrollo.com.ar\/altiplano\/?page_id=9891"},"modified":"2026-03-02T22:10:20","modified_gmt":"2026-03-02T22:10:20","slug":"el-estudio","status":"publish","type":"page","link":"https:\/\/www.altiplano.com.mx\/en\/el-estudio\/","title":{"rendered":"The Studio"},"content":{"rendered":"\t\t<div data-elementor-type=\"wp-page\" data-elementor-id=\"9891\" class=\"elementor elementor-9891\" data-elementor-post-type=\"page\">\n\t\t\t\t<div class=\"elementor-element elementor-element-fd4244c e-flex e-con-boxed e-con e-parent \" data-id=\"fd4244c\" data-element_type=\"container\" data-e-type=\"container\">\t\t\t<div class=\"e-con-inner\">\r\n\t\t\t\t<div class=\"elementor-element elementor-element-37edc80 elementor-widget elementor-widget-text-editor\" data-id=\"37edc80\" data-element_type=\"widget\" data-e-type=\"widget\" data-widget_type=\"text-editor.default\">\n\t\t\t\t\t\t\t\t\t<p>La ciudad no dice su pasado, lo contiene como las l\u00edneas de una mano.<\/p>\t\t\t\t\t\t\t\t<\/div>\n\t\t\t\t\t<\/div>\r\n\t\t\t\t<\/div>\r\n\t\t<div class=\"elementor-element elementor-element-40cf8fe e-flex e-con-boxed e-con e-parent \" data-id=\"40cf8fe\" data-element_type=\"container\" data-e-type=\"container\">\t\t\t<div class=\"e-con-inner\">\r\n\t\t<div class=\"elementor-element elementor-element-4efac42 e-con-full e-flex e-con e-child \" data-id=\"4efac42\" data-element_type=\"container\" data-e-type=\"container\">\t\t<div class=\"elementor-element elementor-element-49750aa elementor-widget elementor-widget-image\" data-id=\"49750aa\" data-element_type=\"widget\" data-e-type=\"widget\" data-widget_type=\"image.default\">\n\t\t\t\t\t\t\t\t\t\t\t\t\t\t\t<img fetchpriority=\"high\" decoding=\"async\" width=\"1024\" height=\"768\" src=\"https:\/\/www.altiplano.com.mx\/wp-content\/uploads\/2026\/02\/Altiplano_imagen_estudio-1.jpg-1024x768.jpg\" class=\"attachment-large size-large wp-image-10039\" alt=\"\" srcset=\"https:\/\/www.altiplano.com.mx\/wp-content\/uploads\/2026\/02\/Altiplano_imagen_estudio-1.jpg-1024x768.jpg 1024w, https:\/\/www.altiplano.com.mx\/wp-content\/uploads\/2026\/02\/Altiplano_imagen_estudio-1.jpg-300x225.jpg 300w, https:\/\/www.altiplano.com.mx\/wp-content\/uploads\/2026\/02\/Altiplano_imagen_estudio-1.jpg-768x576.jpg 768w, https:\/\/www.altiplano.com.mx\/wp-content\/uploads\/2026\/02\/Altiplano_imagen_estudio-1.jpg-1536x1152.jpg 1536w, https:\/\/www.altiplano.com.mx\/wp-content\/uploads\/2026\/02\/Altiplano_imagen_estudio-1.jpg-947x710.jpg 947w, https:\/\/www.altiplano.com.mx\/wp-content\/uploads\/2026\/02\/Altiplano_imagen_estudio-1.jpg.jpg 2048w\" sizes=\"(max-width: 1024px) 100vw, 1024px\" \/>\t\t\t\t\t\t\t\t\t\t\t\t\t\t\t<\/div>\n\t\t\t\t<\/div>\r\n\t\t<div class=\"elementor-element elementor-element-d3564da e-con-full e-flex e-con e-child \" data-id=\"d3564da\" data-element_type=\"container\" data-e-type=\"container\"><div class=\"elementor-element elementor-element-1e22946 e-con-full e-flex e-con e-child \" data-id=\"1e22946\" data-element_type=\"container\" data-e-type=\"container\">\t\t<div class=\"elementor-element elementor-element-1a0136b elementor-widget elementor-widget-pxl_heading\" data-id=\"1a0136b\" data-element_type=\"widget\" data-e-type=\"widget\" data-widget_type=\"pxl_heading.default\">\n\t\t\t\t<div class=\"elementor-widget-container\">\n\t\t\t\t\t<div class=\"pxl-heading  \">\n\t<div class=\"pxl-heading--inner \">\n\t\t\t\t<h3 class=\"pxl-item--title style1 divider-bottom pxl-split-text split-in-right  \" data-wow-delay=\"ms\" data-wow-duration=\"1.2s\">\n\t\t\tNuestra forma de trabajar es consecuencia directa de lo que creemos.\t\t\t\t\t<\/h3>\n\t<\/div>\n<\/div>\n\t\t\t\t<\/div>\n\t\t\t\t<\/div>\n\t\t\t\t<\/div>\r\n\t\t<div class=\"elementor-element elementor-element-0cfca52 e-con-full e-flex e-con e-child \" data-id=\"0cfca52\" data-element_type=\"container\" data-e-type=\"container\">\t\t<div class=\"elementor-element elementor-element-04a6047 elementor-widget elementor-widget-text-editor\" data-id=\"04a6047\" data-element_type=\"widget\" data-e-type=\"widget\" data-widget_type=\"text-editor.default\">\n\t\t\t\t\t\t\t\t\t<h3>Pr\u00e1ctica y proceso<\/h3><p>En Altiplano, cada proyecto se desarrolla a trav\u00e9s de un <strong>proceso claro, profundo y estructurado,<\/strong> que busca transformar una visi\u00f3n conceptual en una arquitectura precisa, viable y construible.<br \/><br \/>Iniciamos cada encargo con una <strong>fase de an\u00e1lisis y definici\u00f3n estrat\u00e9gica,<\/strong> donde identificamos las variables clave del proyecto: condiciones f\u00edsicas, normativas, program\u00e1ticas, econ\u00f3micas y temporales. Esta etapa nos permite establecer una base s\u00f3lida sobre la cual tomar decisiones informadas y coherentes.<br \/><br \/>A partir de ah\u00ed, construimos un <strong>concepto rector<\/strong> que articula el proyecto en todos sus niveles. Este concepto no es una imagen, sino una idea operativa que gu\u00eda la organizaci\u00f3n espacial, la materialidad, los sistemas constructivos y la l\u00f3gica del desarrollo.<br \/><br \/>Nuestro proceso de dise\u00f1o es <strong>iterativo y riguroso.<\/strong> Avanzamos del territorio a la arquitectura, y de la arquitectura al detalle, integrando desde etapas tempranas criterios de sostenibilidad, eficiencia constructiva y viabilidad econ\u00f3mica, entendiendo el proyecto como un todo indivisible.<\/p>\t\t\t\t\t\t\t\t<\/div>\n\t\t\t\t<\/div>\r\n\t\t\t\t<\/div>\r\n\t\t<div class=\"elementor-element elementor-element-c6efe52 e-con-full e-flex e-con e-child \" data-id=\"c6efe52\" data-element_type=\"container\" data-e-type=\"container\">\t\t<div class=\"elementor-element elementor-element-0553ec8 elementor-widget elementor-widget-image\" data-id=\"0553ec8\" data-element_type=\"widget\" data-e-type=\"widget\" data-widget_type=\"image.default\">\n\t\t\t\t\t\t\t\t\t\t\t\t\t\t\t<img decoding=\"async\" width=\"1024\" height=\"228\" src=\"https:\/\/www.altiplano.com.mx\/wp-content\/uploads\/2026\/02\/Altiplano_imagen_estudio-2.jpg-1024x228.jpg\" class=\"attachment-large size-large wp-image-10040\" alt=\"\" srcset=\"https:\/\/www.altiplano.com.mx\/wp-content\/uploads\/2026\/02\/Altiplano_imagen_estudio-2.jpg-1024x228.jpg 1024w, https:\/\/www.altiplano.com.mx\/wp-content\/uploads\/2026\/02\/Altiplano_imagen_estudio-2.jpg-300x67.jpg 300w, https:\/\/www.altiplano.com.mx\/wp-content\/uploads\/2026\/02\/Altiplano_imagen_estudio-2.jpg-768x171.jpg 768w, https:\/\/www.altiplano.com.mx\/wp-content\/uploads\/2026\/02\/Altiplano_imagen_estudio-2.jpg-1536x341.jpg 1536w, https:\/\/www.altiplano.com.mx\/wp-content\/uploads\/2026\/02\/Altiplano_imagen_estudio-2.jpg-2048x455.jpg 2048w, https:\/\/www.altiplano.com.mx\/wp-content\/uploads\/2026\/02\/Altiplano_imagen_estudio-2.jpg-1170x260.jpg 1170w\" sizes=\"(max-width: 1024px) 100vw, 1024px\" \/>\t\t\t\t\t\t\t\t\t\t\t\t\t\t\t<\/div>\n\t\t\t\t<\/div>\r\n\t\t<div class=\"elementor-element elementor-element-bfc40b6 e-con-full e-flex e-con e-child \" data-id=\"bfc40b6\" data-element_type=\"container\" data-e-type=\"container\"><div class=\"elementor-element elementor-element-10edd75 e-con-full e-flex e-con e-child \" data-id=\"10edd75\" data-element_type=\"container\" data-e-type=\"container\">\t\t<\/div>\r\n\t\t<div class=\"elementor-element elementor-element-75dcd71 e-con-full e-flex e-con e-child \" data-id=\"75dcd71\" data-element_type=\"container\" data-e-type=\"container\">\t\t<div class=\"elementor-element elementor-element-5219084 elementor-widget elementor-widget-text-editor\" data-id=\"5219084\" data-element_type=\"widget\" data-e-type=\"widget\" data-widget_type=\"text-editor.default\">\n\t\t\t\t\t\t\t\t\t<p>Altiplano opera como una estructura <strong>flexible y colaborativa.<\/strong><br \/>El estudio cuenta con una direcci\u00f3n creativa central y trabaja con una red de arquitectos, especialistas y consultores en distintos lugares, lo que nos permite conformar equipos a la medida de cada proyecto y contexto.<br \/><br \/>Esta forma de trabajo nos permite mantener una <strong>visi\u00f3n autoral clara,<\/strong> sin renunciar a la riqueza que aporta la colaboraci\u00f3n interdisciplinaria y el conocimiento local.<br \/><br \/>Creemos en procesos bien pensados, en decisiones fundamentadas y en una arquitectura que se construye con tiempo, atenci\u00f3n y responsabilidad.<br \/>As\u00ed es como llevamos nuestra filosof\u00eda a la pr\u00e1ctica.<\/p>\t\t\t\t\t\t\t\t<\/div>\n\t\t\t\t<\/div>\r\n\t\t\t\t<\/div>\r\n\t\t\t\t\t<\/div>\r\n\t\t\t\t<\/div>\r\n\t\t<div class=\"elementor-element elementor-element-db782f9 e-flex e-con-boxed e-con e-parent \" data-id=\"db782f9\" data-element_type=\"container\" data-e-type=\"container\" data-settings=\"{&quot;background_background&quot;:&quot;classic&quot;}\">\t\t\t<div class=\"e-con-inner\">\r\n\t\t\t\t<div class=\"elementor-element elementor-element-0aaa195 elementor-widget elementor-widget-text-editor\" data-id=\"0aaa195\" data-element_type=\"widget\" data-e-type=\"widget\" data-widget_type=\"text-editor.default\">\n\t\t\t\t\t\t\t\t\t<p>\u201cDe una ciudad no disfrutas sus siete o setenta maravillas, sino<b> la respuesta que da a una pregunta tuya.\u201d<\/b><\/p>\t\t\t\t\t\t\t\t<\/div>\n\t\t\t\t\t<\/div>\r\n\t\t\t\t<\/div>\r\n\t\t<div class=\"elementor-element elementor-element-830e426 e-con-full e-flex e-con e-child \" data-id=\"830e426\" data-element_type=\"container\" data-e-type=\"container\" data-settings=\"{&quot;background_background&quot;:&quot;classic&quot;}\"><div class=\"elementor-element elementor-element-20f0e95 e-con-full e-flex e-con e-child \" data-id=\"20f0e95\" data-element_type=\"container\" data-e-type=\"container\">\t\t<div class=\"elementor-element elementor-element-ebf596e elementor-widget elementor-widget-pxl_heading\" data-id=\"ebf596e\" data-element_type=\"widget\" data-e-type=\"widget\" data-widget_type=\"pxl_heading.default\">\n\t\t\t\t<div class=\"elementor-widget-container\">\n\t\t\t\t\t<div class=\"pxl-heading  \">\n\t<div class=\"pxl-heading--inner \">\n\t\t\t\t<h3 class=\"pxl-item--title style1 divider-bottom pxl-split-text split-in-right  \" data-wow-delay=\"ms\" data-wow-duration=\"1.2s\">\n\t\t\tManifiesto\t\t\t\t\t<\/h3>\n\t<\/div>\n<\/div>\n\t\t\t\t<\/div>\n\t\t\t\t<\/div>\n\t\t\t\t<\/div>\r\n\t\t<div class=\"elementor-element elementor-element-26dd099 e-con-full e-flex e-con e-child \" data-id=\"26dd099\" data-element_type=\"container\" data-e-type=\"container\">\t\t<div class=\"elementor-element elementor-element-138bbdb elementor-widget elementor-widget-text-editor\" data-id=\"138bbdb\" data-element_type=\"widget\" data-e-type=\"widget\" data-widget_type=\"text-editor.default\">\n\t\t\t\t\t\t\t\t\t<p>La arquitectura, para nosotros, es un acto de pertenencia. <br \/>Cada proyecto nace de un di\u00e1logo con su entorno \u2014natural, cultural, humano y simb\u00f3lico\u2014. <br \/>Dise\u00f1ar no es imponer; es <strong>revelar lo que ya est\u00e1 ah\u00ed,<\/strong> lo que quiere emerger. <br \/>En un mundo saturado de ruido visual, elegimos la coherencia. <br \/>En un mercado que premia la velocidad, elegimos la profundidad. <br \/>Donde otros ven un terreno, nosotros vemos un territorio.<\/p><p>Altiplano es una forma de estar en el mundo. <br \/>Queremos espacios que cuiden al planeta, honren las culturas y acompa\u00f1en a las <br \/>personas en cada etapa de su vida. <br \/>Queremos dejar una huella que <strong>no opaque al lugar,<\/strong> sino que lo revele. <br \/>Porque construir no es solo transformar el territorio. <br \/>Es <strong>transformarse con \u00e9l.<\/strong><\/p><p>No creemos en formas impuestas. <br \/>No creemos en estilos que se repiten. <br \/>Creemos en escuchar. <br \/>En detenernos. <br \/>En dejar que el lugar nos hable. <br \/>Solo as\u00ed podemos dise\u00f1ar con algo m\u00e1s que t\u00e9cnica: <br \/><strong>dise\u00f1amos con el alma del lugar.<\/strong><\/p>\t\t\t\t\t\t\t\t<\/div>\n\t\t\t\t<\/div>\r\n\t\t\t\t<\/div>\r\n\t\t<div class=\"elementor-element elementor-element-aab6357 e-flex e-con-boxed e-con e-parent \" data-id=\"aab6357\" data-element_type=\"container\" data-e-type=\"container\">\t\t\t<div class=\"e-con-inner\">\r\n\t\t\t\t<div class=\"elementor-element elementor-element-9e9c8ad elementor-widget elementor-widget-template\" data-id=\"9e9c8ad\" data-element_type=\"widget\" data-e-type=\"widget\" data-widget_type=\"template.default\">\n\t\t\t\t<div class=\"elementor-widget-container\">\n\t\t\t\t\t\t\t<div class=\"elementor-template\">\n\t\t\t\t\t<div data-elementor-type=\"section\" data-elementor-id=\"9978\" class=\"elementor elementor-9978\" data-elementor-post-type=\"elementor_library\">\n\t\t\t<div class=\"elementor-element elementor-element-5b2e727 e-flex e-con-boxed e-con e-parent \" data-id=\"5b2e727\" data-element_type=\"container\" data-e-type=\"container\">\t\t\t<div class=\"e-con-inner\">\r\n\t\t<div class=\"elementor-element elementor-element-444ff9e e-con-full e-flex e-con e-child \" data-id=\"444ff9e\" data-element_type=\"container\" data-e-type=\"container\">\t\t<div class=\"elementor-element elementor-element-d188a63 elementor-widget elementor-widget-heading\" data-id=\"d188a63\" data-element_type=\"widget\" data-e-type=\"widget\" data-widget_type=\"heading.default\">\n\t\t\t\t\t<h2 class=\"elementor-heading-title elementor-size-default\">Hablemos de tu<br>\n<span>pr\u00f3ximo proyecto<\/span><\/h2>\t\t\t\t<\/div>\n\t\t\t\t<div class=\"elementor-element elementor-element-94501be elementor-widget elementor-widget-text-editor\" data-id=\"94501be\" data-element_type=\"widget\" data-e-type=\"widget\" data-widget_type=\"text-editor.default\">\n\t\t\t\t\t\t\t\t\t<p>Si est\u00e1s pensando en desarrollar un proyecto, realizar una consulta o explorar una idea, nos gustar\u00eda acompa\u00f1arte en ese proceso.<br \/>D\u00e9janos tus datos y nos pondremos en contacto a la brevedad.<\/p>\t\t\t\t\t\t\t\t<\/div>\n\t\t\t\t<\/div>\r\n\t\t<div class=\"elementor-element elementor-element-e6c06dc e-con-full e-flex e-con e-child \" data-id=\"e6c06dc\" data-element_type=\"container\" data-e-type=\"container\">\t\t<div class=\"elementor-element elementor-element-acdf9e7 elementor-button-align-start elementor-widget elementor-widget-form\" data-id=\"acdf9e7\" data-element_type=\"widget\" data-e-type=\"widget\" data-settings=\"{&quot;step_next_label&quot;:&quot;Next&quot;,&quot;step_previous_label&quot;:&quot;Previous&quot;,&quot;button_width&quot;:&quot;100&quot;,&quot;step_type&quot;:&quot;number_text&quot;,&quot;step_icon_shape&quot;:&quot;circle&quot;}\" data-widget_type=\"form.default\">\n\t\t\t\t\t\t\t<form class=\"elementor-form\" method=\"post\" name=\"New Form\" aria-label=\"New Form\" novalidate=\"\">\n\t\t\t<input type=\"hidden\" name=\"post_id\" value=\"9978\"\/>\n\t\t\t<input type=\"hidden\" name=\"form_id\" value=\"acdf9e7\"\/>\n\t\t\t<input type=\"hidden\" name=\"referer_title\" value=\"Altiplano - Arquitectura\" \/>\n\n\t\t\t\t\t\t\t<input type=\"hidden\" name=\"queried_id\" value=\"9543\"\/>\n\t\t\t\n\t\t\t<div class=\"elementor-form-fields-wrapper elementor-labels-\">\n\t\t\t\t\t\t\t\t<div class=\"elementor-field-type-text elementor-field-group elementor-column elementor-field-group-name elementor-col-100\">\n\t\t\t\t\t\t\t\t\t\t\t\t<label for=\"form-field-name\" class=\"elementor-field-label elementor-screen-only\">\n\t\t\t\t\t\t\t\tName\t\t\t\t\t\t\t<\/label>\n\t\t\t\t\t\t\t\t\t\t\t\t\t\t<input size=\"1\" type=\"text\" name=\"form_fields[name]\" id=\"form-field-name\" class=\"elementor-field elementor-size-sm  elementor-field-textual\" placeholder=\"NOMBRE\">\n\t\t\t\t\t\t\t\t\t\t\t<\/div>\n\t\t\t\t\t\t\t\t<div class=\"elementor-field-type-tel elementor-field-group elementor-column elementor-field-group-field_69e0968 elementor-col-100\">\n\t\t\t\t\t\t\t\t\t\t\t\t<label for=\"form-field-field_69e0968\" class=\"elementor-field-label elementor-screen-only\">\n\t\t\t\t\t\t\t\tPhone\t\t\t\t\t\t\t<\/label>\n\t\t\t\t\t\t\t\t<input size=\"1\" type=\"tel\" name=\"form_fields[field_69e0968]\" id=\"form-field-field_69e0968\" class=\"elementor-field elementor-size-sm  elementor-field-textual\" placeholder=\"TEL\u00c9FONO\" pattern=\"[0-9()#&amp;+*-=.]+\" title=\"Only numbers and phone characters (#, -, *, etc) are accepted.\">\n\n\t\t\t\t\t\t<\/div>\n\t\t\t\t\t\t\t\t<div class=\"elementor-field-type-email elementor-field-group elementor-column elementor-field-group-email elementor-col-100 elementor-field-required\">\n\t\t\t\t\t\t\t\t\t\t\t\t<label for=\"form-field-email\" class=\"elementor-field-label elementor-screen-only\">\n\t\t\t\t\t\t\t\tEmail\t\t\t\t\t\t\t<\/label>\n\t\t\t\t\t\t\t\t\t\t\t\t\t\t<input size=\"1\" type=\"email\" name=\"form_fields[email]\" id=\"form-field-email\" class=\"elementor-field elementor-size-sm  elementor-field-textual\" placeholder=\"EMAIL\" required=\"required\">\n\t\t\t\t\t\t\t\t\t\t\t<\/div>\n\t\t\t\t\t\t\t\t<div class=\"elementor-field-type-textarea elementor-field-group elementor-column elementor-field-group-message elementor-col-100\">\n\t\t\t\t\t\t\t\t\t\t\t\t<label for=\"form-field-message\" class=\"elementor-field-label elementor-screen-only\">\n\t\t\t\t\t\t\t\tMessage\t\t\t\t\t\t\t<\/label>\n\t\t\t\t\t\t<textarea class=\"elementor-field-textual elementor-field  elementor-size-sm\" name=\"form_fields[message]\" id=\"form-field-message\" rows=\"4\" placeholder=\"MENSAJE\"><\/textarea>\t\t\t\t<\/div>\n\t\t\t\t\t\t\t\t<div class=\"elementor-field-group elementor-column elementor-field-type-submit elementor-col-100 e-form__buttons\">\n\t\t\t\t\t<button class=\"elementor-button elementor-size-sm\" type=\"submit\">\n\t\t\t\t\t\t<span class=\"elementor-button-content-wrapper\">\n\t\t\t\t\t\t\t\t\t\t\t\t\t\t\t\t\t\t\t\t\t\t<span class=\"elementor-button-text\">ENVIAR<\/span>\n\t\t\t\t\t\t\t\t\t\t\t\t\t<\/span>\n\t\t\t\t\t<\/button>\n\t\t\t\t<\/div>\n\t\t\t<\/div>\n\t\t<\/form>\n\t\t\t\t\t\t<\/div>\n\t\t\t\t<\/div>\r\n\t\t\t\t\t<\/div>\r\n\t\t\t\t<\/div>\r\n\t\t\t\t<\/div>\n\t\t\t\t<\/div>\n\t\t\t\t\t\t<\/div>\n\t\t\t\t<\/div>\n\t\t\t\t\t<\/div>\r\n\t\t\t\t<\/div>\r\n\t\t\t\t<\/div>\n\t\t","protected":false},"excerpt":{"rendered":"<p>La ciudad no dice su pasado, lo contiene como las l\u00edneas de una mano. Nuestra forma de trabajar es consecuencia directa de lo que creemos. Pr\u00e1ctica y proceso En Altiplano, cada proyecto se desarrolla a trav\u00e9s de un proceso claro, profundo y estructurado, que busca transformar una visi\u00f3n conceptual en una arquitectura precisa, viable y [&hellip;]<\/p>\n","protected":false},"author":1,"featured_media":0,"parent":0,"menu_order":0,"comment_status":"closed","ping_status":"closed","template":"","meta":{"footnotes":""},"class_list":["post-9891","page","type-page","status-publish","hentry"],"yoast_head":"<!-- This site is optimized with the Yoast SEO plugin v27.1.1 - https:\/\/yoast.com\/product\/yoast-seo-wordpress\/ -->\n<title>El Estudio - Altiplano<\/title>\n<meta name=\"robots\" content=\"index, follow, max-snippet:-1, max-image-preview:large, max-video-preview:-1\" \/>\n<link rel=\"canonical\" href=\"https:\/\/www.altiplano.com.mx\/en\/el-estudio\/\" \/>\n<meta property=\"og:locale\" content=\"en_US\" \/>\n<meta property=\"og:type\" content=\"article\" \/>\n<meta property=\"og:title\" content=\"El Estudio - Altiplano\" \/>\n<meta property=\"og:description\" content=\"La ciudad no dice su pasado, lo contiene como las l\u00edneas de una mano. Nuestra forma de trabajar es consecuencia directa de lo que creemos. Pr\u00e1ctica y proceso En Altiplano, cada proyecto se desarrolla a trav\u00e9s de un proceso claro, profundo y estructurado, que busca transformar una visi\u00f3n conceptual en una arquitectura precisa, viable y [&hellip;]\" \/>\n<meta property=\"og:url\" content=\"https:\/\/www.altiplano.com.mx\/en\/el-estudio\/\" \/>\n<meta property=\"og:site_name\" content=\"Altiplano\" \/>\n<meta property=\"article:modified_time\" content=\"2026-03-02T22:10:20+00:00\" \/>\n<meta property=\"og:image\" content=\"https:\/\/www.altiplano.com.mx\/wp-content\/uploads\/2026\/02\/Altiplano_imagen_estudio-1.jpg.jpg\" \/>\n\t<meta property=\"og:image:width\" content=\"2048\" \/>\n\t<meta property=\"og:image:height\" content=\"1536\" \/>\n\t<meta property=\"og:image:type\" content=\"image\/jpeg\" \/>\n<meta name=\"twitter:card\" content=\"summary_large_image\" \/>\n<meta name=\"twitter:label1\" content=\"Est. reading time\" \/>\n\t<meta name=\"twitter:data1\" content=\"2 minutes\" \/>\n<script type=\"application\/ld+json\" class=\"yoast-schema-graph\">{\"@context\":\"https:\/\/schema.org\",\"@graph\":[{\"@type\":\"WebPage\",\"@id\":\"https:\/\/www.altiplano.com.mx\/el-estudio\/\",\"url\":\"https:\/\/www.altiplano.com.mx\/el-estudio\/\",\"name\":\"El Estudio - Altiplano\",\"isPartOf\":{\"@id\":\"https:\/\/www.altiplano.com.mx\/#website\"},\"primaryImageOfPage\":{\"@id\":\"https:\/\/www.altiplano.com.mx\/el-estudio\/#primaryimage\"},\"image\":{\"@id\":\"https:\/\/www.altiplano.com.mx\/el-estudio\/#primaryimage\"},\"thumbnailUrl\":\"https:\/\/www.altiplano.com.mx\/wp-content\/uploads\/2026\/02\/Altiplano_imagen_estudio-1.jpg-1024x768.jpg\",\"datePublished\":\"2026-01-22T15:23:57+00:00\",\"dateModified\":\"2026-03-02T22:10:20+00:00\",\"breadcrumb\":{\"@id\":\"https:\/\/www.altiplano.com.mx\/el-estudio\/#breadcrumb\"},\"inLanguage\":\"en-US\",\"potentialAction\":[{\"@type\":\"ReadAction\",\"target\":[\"https:\/\/www.altiplano.com.mx\/el-estudio\/\"]}]},{\"@type\":\"ImageObject\",\"inLanguage\":\"en-US\",\"@id\":\"https:\/\/www.altiplano.com.mx\/el-estudio\/#primaryimage\",\"url\":\"https:\/\/www.altiplano.com.mx\/wp-content\/uploads\/2026\/02\/Altiplano_imagen_estudio-1.jpg-1024x768.jpg\",\"contentUrl\":\"https:\/\/www.altiplano.com.mx\/wp-content\/uploads\/2026\/02\/Altiplano_imagen_estudio-1.jpg-1024x768.jpg\"},{\"@type\":\"BreadcrumbList\",\"@id\":\"https:\/\/www.altiplano.com.mx\/el-estudio\/#breadcrumb\",\"itemListElement\":[{\"@type\":\"ListItem\",\"position\":1,\"name\":\"Portada\",\"item\":\"https:\/\/www.altiplano.com.mx\/\"},{\"@type\":\"ListItem\",\"position\":2,\"name\":\"El Estudio\"}]},{\"@type\":\"WebSite\",\"@id\":\"https:\/\/www.altiplano.com.mx\/#website\",\"url\":\"https:\/\/www.altiplano.com.mx\/\",\"name\":\"Altiplano\",\"description\":\"Arquitectura\",\"publisher\":{\"@id\":\"https:\/\/www.altiplano.com.mx\/#organization\"},\"potentialAction\":[{\"@type\":\"SearchAction\",\"target\":{\"@type\":\"EntryPoint\",\"urlTemplate\":\"https:\/\/www.altiplano.com.mx\/?s={search_term_string}\"},\"query-input\":{\"@type\":\"PropertyValueSpecification\",\"valueRequired\":true,\"valueName\":\"search_term_string\"}}],\"inLanguage\":\"en-US\"},{\"@type\":\"Organization\",\"@id\":\"https:\/\/www.altiplano.com.mx\/#organization\",\"name\":\"Altiplano\",\"url\":\"https:\/\/www.altiplano.com.mx\/\",\"logo\":{\"@type\":\"ImageObject\",\"inLanguage\":\"en-US\",\"@id\":\"https:\/\/www.altiplano.com.mx\/#\/schema\/logo\/image\/\",\"url\":\"https:\/\/www.altiplano.com.mx\/wp-content\/uploads\/2026\/03\/Share.png\",\"contentUrl\":\"https:\/\/www.altiplano.com.mx\/wp-content\/uploads\/2026\/03\/Share.png\",\"width\":1200,\"height\":675,\"caption\":\"Altiplano\"},\"image\":{\"@id\":\"https:\/\/www.altiplano.com.mx\/#\/schema\/logo\/image\/\"}}]}<\/script>\n<!-- \/ Yoast SEO plugin. -->","yoast_head_json":{"title":"El Estudio - Altiplano","robots":{"index":"index","follow":"follow","max-snippet":"max-snippet:-1","max-image-preview":"max-image-preview:large","max-video-preview":"max-video-preview:-1"},"canonical":"https:\/\/www.altiplano.com.mx\/en\/el-estudio\/","og_locale":"en_US","og_type":"article","og_title":"El Estudio - Altiplano","og_description":"La ciudad no dice su pasado, lo contiene como las l\u00edneas de una mano. Nuestra forma de trabajar es consecuencia directa de lo que creemos. Pr\u00e1ctica y proceso En Altiplano, cada proyecto se desarrolla a trav\u00e9s de un proceso claro, profundo y estructurado, que busca transformar una visi\u00f3n conceptual en una arquitectura precisa, viable y [&hellip;]","og_url":"https:\/\/www.altiplano.com.mx\/en\/el-estudio\/","og_site_name":"Altiplano","article_modified_time":"2026-03-02T22:10:20+00:00","og_image":[{"width":2048,"height":1536,"url":"https:\/\/www.altiplano.com.mx\/wp-content\/uploads\/2026\/02\/Altiplano_imagen_estudio-1.jpg.jpg","type":"image\/jpeg"}],"twitter_card":"summary_large_image","twitter_misc":{"Est. reading time":"2 minutes"},"schema":{"@context":"https:\/\/schema.org","@graph":[{"@type":"WebPage","@id":"https:\/\/www.altiplano.com.mx\/el-estudio\/","url":"https:\/\/www.altiplano.com.mx\/el-estudio\/","name":"El Estudio - Altiplano","isPartOf":{"@id":"https:\/\/www.altiplano.com.mx\/#website"},"primaryImageOfPage":{"@id":"https:\/\/www.altiplano.com.mx\/el-estudio\/#primaryimage"},"image":{"@id":"https:\/\/www.altiplano.com.mx\/el-estudio\/#primaryimage"},"thumbnailUrl":"https:\/\/www.altiplano.com.mx\/wp-content\/uploads\/2026\/02\/Altiplano_imagen_estudio-1.jpg-1024x768.jpg","datePublished":"2026-01-22T15:23:57+00:00","dateModified":"2026-03-02T22:10:20+00:00","breadcrumb":{"@id":"https:\/\/www.altiplano.com.mx\/el-estudio\/#breadcrumb"},"inLanguage":"en-US","potentialAction":[{"@type":"ReadAction","target":["https:\/\/www.altiplano.com.mx\/el-estudio\/"]}]},{"@type":"ImageObject","inLanguage":"en-US","@id":"https:\/\/www.altiplano.com.mx\/el-estudio\/#primaryimage","url":"https:\/\/www.altiplano.com.mx\/wp-content\/uploads\/2026\/02\/Altiplano_imagen_estudio-1.jpg-1024x768.jpg","contentUrl":"https:\/\/www.altiplano.com.mx\/wp-content\/uploads\/2026\/02\/Altiplano_imagen_estudio-1.jpg-1024x768.jpg"},{"@type":"BreadcrumbList","@id":"https:\/\/www.altiplano.com.mx\/el-estudio\/#breadcrumb","itemListElement":[{"@type":"ListItem","position":1,"name":"Portada","item":"https:\/\/www.altiplano.com.mx\/"},{"@type":"ListItem","position":2,"name":"El Estudio"}]},{"@type":"WebSite","@id":"https:\/\/www.altiplano.com.mx\/#website","url":"https:\/\/www.altiplano.com.mx\/","name":"Altiplano","description":"Arquitectura","publisher":{"@id":"https:\/\/www.altiplano.com.mx\/#organization"},"potentialAction":[{"@type":"SearchAction","target":{"@type":"EntryPoint","urlTemplate":"https:\/\/www.altiplano.com.mx\/?s={search_term_string}"},"query-input":{"@type":"PropertyValueSpecification","valueRequired":true,"valueName":"search_term_string"}}],"inLanguage":"en-US"},{"@type":"Organization","@id":"https:\/\/www.altiplano.com.mx\/#organization","name":"Altiplano","url":"https:\/\/www.altiplano.com.mx\/","logo":{"@type":"ImageObject","inLanguage":"en-US","@id":"https:\/\/www.altiplano.com.mx\/#\/schema\/logo\/image\/","url":"https:\/\/www.altiplano.com.mx\/wp-content\/uploads\/2026\/03\/Share.png","contentUrl":"https:\/\/www.altiplano.com.mx\/wp-content\/uploads\/2026\/03\/Share.png","width":1200,"height":675,"caption":"Altiplano"},"image":{"@id":"https:\/\/www.altiplano.com.mx\/#\/schema\/logo\/image\/"}}]}},"_links":{"self":[{"href":"https:\/\/www.altiplano.com.mx\/en\/wp-json\/wp\/v2\/pages\/9891","targetHints":{"allow":["GET"]}}],"collection":[{"href":"https:\/\/www.altiplano.com.mx\/en\/wp-json\/wp\/v2\/pages"}],"about":[{"href":"https:\/\/www.altiplano.com.mx\/en\/wp-json\/wp\/v2\/types\/page"}],"author":[{"embeddable":true,"href":"https:\/\/www.altiplano.com.mx\/en\/wp-json\/wp\/v2\/users\/1"}],"replies":[{"embeddable":true,"href":"https:\/\/www.altiplano.com.mx\/en\/wp-json\/wp\/v2\/comments?post=9891"}],"version-history":[{"count":0,"href":"https:\/\/www.altiplano.com.mx\/en\/wp-json\/wp\/v2\/pages\/9891\/revisions"}],"wp:attachment":[{"href":"https:\/\/www.altiplano.com.mx\/en\/wp-json\/wp\/v2\/media?parent=9891"}],"curies":[{"name":"wp","href":"https:\/\/api.w.org\/{rel}","templated":true}]}}