{"id":9892,"date":"2026-01-22T15:24:03","date_gmt":"2026-01-22T15:24:03","guid":{"rendered":"https:\/\/proyectosendesarrollo.com.ar\/altiplano\/?page_id=9892"},"modified":"2026-02-25T17:41:33","modified_gmt":"2026-02-25T17:41:33","slug":"curriculum","status":"publish","type":"page","link":"https:\/\/www.altiplano.com.mx\/en\/curriculum\/","title":{"rendered":"Resume"},"content":{"rendered":"<div data-elementor-type=\"wp-page\" data-elementor-id=\"9892\" class=\"elementor elementor-9892\" data-elementor-post-type=\"page\">\n\t\t\t\t<div class=\"elementor-element elementor-element-13bdd64 e-flex e-con-boxed e-con e-parent\" data-id=\"13bdd64\" data-element_type=\"container\" data-e-type=\"container\">\t\t\t<div class=\"e-con-inner\">\r\n\t\t\t\t<div class=\"elementor-element elementor-element-9651e5f elementor-widget elementor-widget-text-editor\" data-id=\"9651e5f\" data-element_type=\"widget\" data-e-type=\"widget\" data-widget_type=\"text-editor.default\">\n\t\t\t\t\t\t\t\t\t<p>Cities, like dreams, are made of desires and fears.<\/p>\t\t\t\t\t\t\t\t<\/div>\n\t\t\t\t\t<\/div>\r\n\t\t\t\t<\/div>\r\n\t\t<div class=\"elementor-element elementor-element-83d2b8b e-flex e-con-boxed e-con e-parent\" data-id=\"83d2b8b\" data-element_type=\"container\" data-e-type=\"container\">\t\t\t<div class=\"e-con-inner\">\r\n\t\t<div class=\"elementor-element elementor-element-6716e2b e-con-full e-flex e-con e-child\" data-id=\"6716e2b\" data-element_type=\"container\" data-e-type=\"container\">\t\t<div class=\"elementor-element elementor-element-63aed50 elementor-widget elementor-widget-image\" data-id=\"63aed50\" data-element_type=\"widget\" data-e-type=\"widget\" data-widget_type=\"image.default\">\n\t\t\t\t\t\t\t\t\t\t\t\t\t\t\t<img fetchpriority=\"high\" decoding=\"async\" width=\"1024\" height=\"614\" src=\"https:\/\/www.altiplano.com.mx\/wp-content\/uploads\/2026\/02\/curriculum-1024x614.jpg\" class=\"attachment-large size-large wp-image-10009\" alt=\"\" srcset=\"https:\/\/www.altiplano.com.mx\/wp-content\/uploads\/2026\/02\/curriculum-1024x614.jpg 1024w, https:\/\/www.altiplano.com.mx\/wp-content\/uploads\/2026\/02\/curriculum-300x180.jpg 300w, https:\/\/www.altiplano.com.mx\/wp-content\/uploads\/2026\/02\/curriculum-768x460.jpg 768w, https:\/\/www.altiplano.com.mx\/wp-content\/uploads\/2026\/02\/curriculum.jpg 1168w\" sizes=\"(max-width: 1024px) 100vw, 1024px\" \/>\t\t\t\t\t\t\t\t\t\t\t\t\t\t\t<\/div>\n\t\t\t\t<\/div>\r\n\t\t<div class=\"elementor-element elementor-element-86bc869 e-con-full e-flex e-con e-child\" data-id=\"86bc869\" data-element_type=\"container\" data-e-type=\"container\"><div class=\"elementor-element elementor-element-5442166 e-con-full e-flex e-con e-child\" data-id=\"5442166\" data-element_type=\"container\" data-e-type=\"container\">\t\t<div class=\"elementor-element elementor-element-8cdf148 elementor-widget elementor-widget-pxl_heading\" data-id=\"8cdf148\" data-element_type=\"widget\" data-e-type=\"widget\" data-widget_type=\"pxl_heading.default\">\n\t\t\t\t<div class=\"elementor-widget-container\">\n\t\t\t\t\t<div class=\"pxl-heading\">\n\t<div class=\"pxl-heading--inner\">\n\t\t\t\t\t<div class=\"pxl-item--subtitle\" data-wow-delay=\"ms\" data-wow-duration=\"1.2s\"><span>Roberto Jim\u00e9nez Ramos<\/span><\/div>\n\t\t\t\t<h3 class=\"pxl-item--title style1 divider-bottom pxl-split-text split-in-right\" data-wow-delay=\"ms\" data-wow-duration=\"1.2s\">\n\t\t\tarchitect\t\t\t\t\t<\/h3>\n\t<\/div>\n<\/div>\n\t\t\t\t<\/div>\n\t\t\t\t<\/div>\n\t\t\t\t<\/div>\r\n\t\t<div class=\"elementor-element elementor-element-bea418c e-con-full e-flex e-con e-child\" data-id=\"bea418c\" data-element_type=\"container\" data-e-type=\"container\">\t\t<div class=\"elementor-element elementor-element-8d9ed94 elementor-widget elementor-widget-text-editor\" data-id=\"8d9ed94\" data-element_type=\"widget\" data-e-type=\"widget\" data-widget_type=\"text-editor.default\">\n\t\t\t\t\t\t\t\t\t<p class=\"translation-block\"><strong>Roberto Jim\u00e9nez-Ramos<\/strong> is an architect born in Mexico City. He holds a degree in Architecture from the <strong>Universidad Iberoamericana<\/strong>, a Master's degree in Architectural Design from <strong>Harvard University<\/strong>, and a diploma in Finance from the <strong>Tecnol\u00f3gico de Monterrey<\/strong>.<br><br>\nHe began his professional career in various architecture firms in Mexico and the United States, before founding <strong>Altiplano Arquitectura<\/strong> in 2003, where he has developed projects of varying scales for public and private clients. As a team, Altiplano has won numerous national and international competitions, establishing a practice recognized for its conceptual rigor and contextual sensitivity.<br><br>\nThroughout his career, Roberto has explored the importance of establishing a precise relationship between architecture and the physical, cultural, social, and economic forces that surround it. His work stems from a careful analysis of the site and seeks to ensure that each project emerges as a coherent response to the location, capable of generating long-term value in both spatial and investment terms.<br><br>\nAlongside his professional practice, he has held academic positions at various institutions, including the <strong>Universidad Iberoamericana<\/strong>, <strong>Universidad An\u00e1huac<\/strong>, and <strong>Tecnol\u00f3gico de Monterrey<\/strong>, participating in the training of new generations of architects and fostering a critical perspective on design and professional practice. He speaks fluent Spanish, English, and Italian, and is currently working to improve his French. Outside of his professional life, he enjoys sports, reading, and music, with a particular interest in contemporary jazz.<\/p>\t\t\t\t\t\t\t\t<\/div>\n\t\t\t\t<\/div>\r\n\t\t\t\t<\/div>\r\n\t\t\t\t\t<\/div>\r\n\t\t\t\t<\/div>\r\n\t\t        <section class=\"elementor-section elementor-top-section elementor-element elementor-element-bf4c9ee pxl-test elementor-section-boxed elementor-section-height-default elementor-section-height-default pxl-row-scroll-none pxl-show-grid-none pxl-section-bg-none pxl-section-grid-bg-false\" data-id=\"bf4c9ee\" data-element_type=\"section\" data-e-type=\"section\">\n\n                \n                <div class=\"elementor-container elementor-column-gap-no\">\n                <div class=\"elementor-column elementor-col-33 elementor-top-column elementor-element elementor-element-0a28232 pxl-column-none\" data-id=\"0a28232\" data-element_type=\"column\" data-e-type=\"column\">\r\n        <div class=\"elementor-widget-wrap elementor-element-populated\">\r\n                     \r\n        \t\t<div class=\"elementor-element elementor-element-0d97e48 elementor-widget elementor-widget-pxl_heading\" data-id=\"0d97e48\" data-element_type=\"widget\" data-e-type=\"widget\" data-widget_type=\"pxl_heading.default\">\n\t\t\t\t<div class=\"elementor-widget-container\">\n\t\t\t\t\t<div class=\"pxl-heading\">\n\t<div class=\"pxl-heading--inner\">\n\t\t\t\t<h6 class=\"pxl-item--title style1 divider-none\" data-wow-delay=\"ms\" data-wow-duration=\"1.2s\">\n\t\t\tLATEST PROJECTS\t\t\t\t\t\t\t<span class=\"title-line\"><\/span>\n\t\t\t\t\t<\/h6>\n\t<\/div>\n<\/div>\n\t\t\t\t<\/div>\n\t\t\t\t<\/div>\n\t\t\t\t<div class=\"elementor-element elementor-element-db38848 elementor-widget elementor-widget-pxl_text_editor\" data-id=\"db38848\" data-element_type=\"widget\" data-e-type=\"widget\" data-widget_type=\"pxl_text_editor.default\">\n\t\t\t\t<div class=\"elementor-widget-container\">\n\t\t\t\t\t<div class=\"pxl-text-editor\" data-wow-delay=\"ms\" data-wow-duration=\"1.2s\">\n\t<div class=\"pxl-item--inner\">\n\t\t<p class=\"translation-block\">Each project is a specific response to a particular context.<br>\nExplore some of the studio's most recent work and discover how Altiplano approaches architecture with a keen eye for place, program, and experience.<\/p>\t<\/div>\n<\/div>\n\t\t\t\t<\/div>\n\t\t\t\t<\/div>\n\t\t            <\/div>\r\n        <\/div>\r\n                <div class=\"elementor-column elementor-col-33 elementor-top-column elementor-element elementor-element-c979c5f pxl-column-none\" data-id=\"c979c5f\" data-element_type=\"column\" data-e-type=\"column\">\r\n        <div class=\"elementor-widget-wrap elementor-element-populated\">\r\n                     \r\n        \t\t<div class=\"elementor-element elementor-element-6d9636f elementor-widget elementor-widget-pxl_image\" data-id=\"6d9636f\" data-element_type=\"widget\" data-e-type=\"widget\" data-widget_type=\"pxl_image.default\">\n\t\t\t\t<div class=\"elementor-widget-container\">\n\t\t\t\t\t<div class=\"pxl-image-single pxl-image-single1\" data-wow-delay=\"ms\" data-wow-duration=\"1.2s\">\r\n                        <div class=\"pxl-item--inner\">\r\n                <a href=\"https:\/\/www.altiplano.com.mx\/en\/nuestros-proyectos\/residencial-vida-plena\/\">                    <img decoding=\"async\" class=\"no-lazyload\" src=\"https:\/\/www.altiplano.com.mx\/wp-content\/uploads\/2026\/01\/1_2-Foto-932x705.jpg\" width=\"932\" height=\"705\" alt=\"1_2 - Foto\" title=\"1_2 - Foto\" \/>                <\/a>            <\/div>\r\n                <\/div>\t\t\t\t<\/div>\n\t\t\t\t<\/div>\n\t\t            <\/div>\r\n        <\/div>\r\n                <div class=\"elementor-column elementor-col-33 elementor-top-column elementor-element elementor-element-a09fdc5 elementor-hidden-tablet elementor-hidden-mobile_extra elementor-hidden-mobile pxl-column-none\" data-id=\"a09fdc5\" data-element_type=\"column\" data-e-type=\"column\">\r\n        <div class=\"elementor-widget-wrap elementor-element-populated\">\r\n                     \r\n        \t\t<div class=\"elementor-element elementor-element-2521c01 elementor-widget elementor-widget-pxl_image\" data-id=\"2521c01\" data-element_type=\"widget\" data-e-type=\"widget\" data-widget_type=\"pxl_image.default\">\n\t\t\t\t<div class=\"elementor-widget-container\">\n\t\t\t\t\t<div class=\"pxl-image-single pxl-image-single1\" data-wow-delay=\"ms\" data-wow-duration=\"1.2s\">\r\n                        <div class=\"pxl-item--inner\">\r\n                <a href=\"https:\/\/www.altiplano.com.mx\/en\/nuestros-proyectos\/casa-mch\/\">                    <img decoding=\"async\" class=\"no-lazyload\" src=\"https:\/\/www.altiplano.com.mx\/wp-content\/uploads\/2026\/01\/IMG_2632-scaled-932x705.jpg\" width=\"932\" height=\"705\" alt=\"IMG_2632\" title=\"IMG_2632\" \/>                <\/a>            <\/div>\r\n                <\/div>\t\t\t\t<\/div>\n\t\t\t\t<\/div>\n\t\t            <\/div>\r\n        <\/div>\r\n        \t\t\t<\/div>\n\t\t<\/section>\n\t\t        <section class=\"elementor-section elementor-top-section elementor-element elementor-element-53f5144 elementor-hidden-desktop elementor-hidden-laptop elementor-hidden-tablet_extra elementor-section-boxed elementor-section-height-default elementor-section-height-default pxl-row-scroll-none pxl-show-grid-none pxl-section-bg-none pxl-section-grid-bg-false\" data-id=\"53f5144\" data-element_type=\"section\" data-e-type=\"section\">\n\n                \n                <div class=\"elementor-container elementor-column-gap-no\">\n                <div class=\"elementor-column elementor-col-50 elementor-top-column elementor-element elementor-element-1ccc93b pxl-column-none\" data-id=\"1ccc93b\" data-element_type=\"column\" data-e-type=\"column\">\r\n        <div class=\"elementor-widget-wrap elementor-element-populated\">\r\n                     \r\n        \t\t<div class=\"elementor-element elementor-element-671e184 elementor-widget elementor-widget-pxl_image\" data-id=\"671e184\" data-element_type=\"widget\" data-e-type=\"widget\" data-widget_type=\"pxl_image.default\">\n\t\t\t\t<div class=\"elementor-widget-container\">\n\t\t\t\t\t<div class=\"pxl-image-single pxl-image-single1\" data-wow-delay=\"ms\" data-wow-duration=\"1.2s\">\r\n                        <div class=\"pxl-item--inner\">\r\n                <a href=\"https:\/\/www.altiplano.com.mx\/en\/nuestros-proyectos\/residencial-vida-plena\/\">                    <img decoding=\"async\" class=\"no-lazyload\" src=\"https:\/\/www.altiplano.com.mx\/wp-content\/uploads\/2026\/01\/1_2-Foto-932x705.jpg\" width=\"932\" height=\"705\" alt=\"1_2 - Foto\" title=\"1_2 - Foto\" \/>                <\/a>            <\/div>\r\n                <\/div>\t\t\t\t<\/div>\n\t\t\t\t<\/div>\n\t\t            <\/div>\r\n        <\/div>\r\n                <div class=\"elementor-column elementor-col-50 elementor-top-column elementor-element elementor-element-541fa02 pxl-column-none\" data-id=\"541fa02\" data-element_type=\"column\" data-e-type=\"column\">\r\n        <div class=\"elementor-widget-wrap elementor-element-populated\">\r\n                     \r\n        \t\t<div class=\"elementor-element elementor-element-03baca2 elementor-widget elementor-widget-pxl_image\" data-id=\"03baca2\" data-element_type=\"widget\" data-e-type=\"widget\" data-widget_type=\"pxl_image.default\">\n\t\t\t\t<div class=\"elementor-widget-container\">\n\t\t\t\t\t<div class=\"pxl-image-single pxl-image-single1\" data-wow-delay=\"ms\" data-wow-duration=\"1.2s\">\r\n                        <div class=\"pxl-item--inner\">\r\n                <a href=\"https:\/\/www.altiplano.com.mx\/en\/nuestros-proyectos\/casa-mch\/\">                    <img decoding=\"async\" class=\"no-lazyload\" src=\"https:\/\/www.altiplano.com.mx\/wp-content\/uploads\/2026\/01\/IMG_2632-scaled-932x705.jpg\" width=\"932\" height=\"705\" alt=\"IMG_2632\" title=\"IMG_2632\" \/>                <\/a>            <\/div>\r\n                <\/div>\t\t\t\t<\/div>\n\t\t\t\t<\/div>\n\t\t            <\/div>\r\n        <\/div>\r\n        \t\t\t<\/div>\n\t\t<\/section>\n\t\t        <section class=\"elementor-section elementor-top-section elementor-element elementor-element-357f206 elementor-section-boxed elementor-section-height-default elementor-section-height-default pxl-row-scroll-none pxl-show-grid-none pxl-section-bg-none pxl-section-grid-bg-false\" data-id=\"357f206\" data-element_type=\"section\" data-e-type=\"section\">\n\n                \n                <div class=\"elementor-container elementor-column-gap-no\">\n                <div class=\"elementor-column elementor-col-33 elementor-top-column elementor-element elementor-element-0b34130 elementor-hidden-tablet elementor-hidden-mobile_extra elementor-hidden-mobile pxl-column-none\" data-id=\"0b34130\" data-element_type=\"column\" data-e-type=\"column\">\r\n        <div class=\"elementor-widget-wrap elementor-element-populated\">\r\n                     \r\n        \t\t<div class=\"elementor-element elementor-element-843fd89 elementor-widget elementor-widget-pxl_image\" data-id=\"843fd89\" data-element_type=\"widget\" data-e-type=\"widget\" data-widget_type=\"pxl_image.default\">\n\t\t\t\t<div class=\"elementor-widget-container\">\n\t\t\t\t\t<div class=\"pxl-image-single pxl-image-single1\" data-wow-delay=\"ms\" data-wow-duration=\"1.2s\">\r\n                        <div class=\"pxl-item--inner\">\r\n                <a href=\"https:\/\/www.altiplano.com.mx\/en\/nuestros-proyectos\/cementerio\/\">                    <img loading=\"lazy\" decoding=\"async\" class=\"no-lazyload\" src=\"https:\/\/www.altiplano.com.mx\/wp-content\/uploads\/2026\/01\/Cementerio-1-932x705.jpg\" width=\"932\" height=\"705\" alt=\"Cementerio-1\" title=\"Cementerio-1\" \/>                <\/a>            <\/div>\r\n                <\/div>\t\t\t\t<\/div>\n\t\t\t\t<\/div>\n\t\t            <\/div>\r\n        <\/div>\r\n                <div class=\"elementor-column elementor-col-33 elementor-top-column elementor-element elementor-element-82b9f7e pxl-column-none\" data-id=\"82b9f7e\" data-element_type=\"column\" data-e-type=\"column\">\r\n        <div class=\"elementor-widget-wrap elementor-element-populated\">\r\n                     \r\n        \t\t<div class=\"elementor-element elementor-element-ea1c122 elementor-widget elementor-widget-pxl_image\" data-id=\"ea1c122\" data-element_type=\"widget\" data-e-type=\"widget\" data-widget_type=\"pxl_image.default\">\n\t\t\t\t<div class=\"elementor-widget-container\">\n\t\t\t\t\t<div class=\"pxl-image-single pxl-image-single1\" data-wow-delay=\"ms\" data-wow-duration=\"1.2s\">\r\n                        <div class=\"pxl-item--inner\">\r\n                <a href=\"https:\/\/www.altiplano.com.mx\/en\/nuestros-proyectos\/restaurante-alfresco\/\">                    <img loading=\"lazy\" decoding=\"async\" class=\"no-lazyload\" src=\"https:\/\/www.altiplano.com.mx\/wp-content\/uploads\/2026\/01\/Alfresco-4-932x705.jpg\" width=\"932\" height=\"705\" alt=\"Alfresco-4\" title=\"Alfresco-4\" \/>                <\/a>            <\/div>\r\n                <\/div>\t\t\t\t<\/div>\n\t\t\t\t<\/div>\n\t\t            <\/div>\r\n        <\/div>\r\n                <div class=\"elementor-column elementor-col-33 elementor-top-column elementor-element elementor-element-ee1ebef pxl-column-none\" data-id=\"ee1ebef\" data-element_type=\"column\" data-e-type=\"column\">\r\n        <div class=\"elementor-widget-wrap elementor-element-populated\">\r\n                     \r\n        \t\t<div class=\"elementor-element elementor-element-b02a309 elementor-widget elementor-widget-pxl_image\" data-id=\"b02a309\" data-element_type=\"widget\" data-e-type=\"widget\" data-widget_type=\"pxl_image.default\">\n\t\t\t\t<div class=\"elementor-widget-container\">\n\t\t\t\t\t<div class=\"pxl-image-single pxl-image-single1\" data-wow-delay=\"ms\" data-wow-duration=\"1.2s\">\r\n                        <div class=\"pxl-item--inner\">\r\n                <a href=\"https:\/\/www.altiplano.com.mx\/en\/nuestros-proyectos\/centro-cultural-en-la-sierra-gorda\/\">                    <img loading=\"lazy\" decoding=\"async\" class=\"no-lazyload\" src=\"https:\/\/www.altiplano.com.mx\/wp-content\/uploads\/2026\/01\/altiplano_conjunto_aerea2_final-932x705.jpg\" width=\"932\" height=\"705\" alt=\"altiplano_conjunto_aerea2_final\" title=\"altiplano_conjunto_aerea2_final\" \/>                <\/a>            <\/div>\r\n                <\/div>\t\t\t\t<\/div>\n\t\t\t\t<\/div>\n\t\t            <\/div>\r\n        <\/div>\r\n        \t\t\t<\/div>\n\t\t<\/section>\n\t\t\t\t<\/div>","protected":false},"excerpt":{"rendered":"<p>Las ciudades, como los sue\u00f1os, est\u00e1n hechas de deseos y de miedos. Roberto Jim\u00e9nez Ramos arquitecto Roberto Jim\u00e9nez-Ramos es un arquitecto nacido en la Ciudad de M\u00e9xico. Es licenciado en Arquitectura por la Universidad Iberoamericana, cuenta con una maestr\u00eda en Dise\u00f1o Arquitect\u00f3nico por la Universidad de Harvard y un diplomado en Finanzas por el Tecnol\u00f3gico [&hellip;]<\/p>\n","protected":false},"author":1,"featured_media":0,"parent":0,"menu_order":0,"comment_status":"closed","ping_status":"closed","template":"","meta":{"footnotes":""},"class_list":["post-9892","page","type-page","status-publish","hentry"],"yoast_head":"<!-- This site is optimized with the Yoast SEO plugin v27.1.1 - https:\/\/yoast.com\/product\/yoast-seo-wordpress\/ -->\n<title>Curriculum - Altiplano<\/title>\n<meta name=\"robots\" content=\"index, follow, max-snippet:-1, max-image-preview:large, max-video-preview:-1\" \/>\n<link rel=\"canonical\" href=\"https:\/\/www.altiplano.com.mx\/en\/curriculum\/\" \/>\n<meta property=\"og:locale\" content=\"en_US\" \/>\n<meta property=\"og:type\" content=\"article\" \/>\n<meta property=\"og:title\" content=\"Curriculum - Altiplano\" \/>\n<meta property=\"og:description\" content=\"Las ciudades, como los sue\u00f1os, est\u00e1n hechas de deseos y de miedos. Roberto Jim\u00e9nez Ramos arquitecto Roberto Jim\u00e9nez-Ramos es un arquitecto nacido en la Ciudad de M\u00e9xico. Es licenciado en Arquitectura por la Universidad Iberoamericana, cuenta con una maestr\u00eda en Dise\u00f1o Arquitect\u00f3nico por la Universidad de Harvard y un diplomado en Finanzas por el Tecnol\u00f3gico [&hellip;]\" \/>\n<meta property=\"og:url\" content=\"https:\/\/www.altiplano.com.mx\/en\/curriculum\/\" \/>\n<meta property=\"og:site_name\" content=\"Altiplano\" \/>\n<meta property=\"article:modified_time\" content=\"2026-02-25T17:41:33+00:00\" \/>\n<meta property=\"og:image\" content=\"https:\/\/www.altiplano.com.mx\/wp-content\/uploads\/2026\/02\/curriculum.jpg\" \/>\n\t<meta property=\"og:image:width\" content=\"1168\" \/>\n\t<meta property=\"og:image:height\" content=\"700\" \/>\n\t<meta property=\"og:image:type\" content=\"image\/jpeg\" \/>\n<meta name=\"twitter:card\" content=\"summary_large_image\" \/>\n<meta name=\"twitter:label1\" content=\"Est. reading time\" \/>\n\t<meta name=\"twitter:data1\" content=\"2 minutes\" \/>\n<script type=\"application\/ld+json\" class=\"yoast-schema-graph\">{\"@context\":\"https:\/\/schema.org\",\"@graph\":[{\"@type\":\"WebPage\",\"@id\":\"https:\/\/www.altiplano.com.mx\/curriculum\/\",\"url\":\"https:\/\/www.altiplano.com.mx\/curriculum\/\",\"name\":\"Curriculum - Altiplano\",\"isPartOf\":{\"@id\":\"https:\/\/www.altiplano.com.mx\/#website\"},\"primaryImageOfPage\":{\"@id\":\"https:\/\/www.altiplano.com.mx\/curriculum\/#primaryimage\"},\"image\":{\"@id\":\"https:\/\/www.altiplano.com.mx\/curriculum\/#primaryimage\"},\"thumbnailUrl\":\"https:\/\/www.altiplano.com.mx\/wp-content\/uploads\/2026\/02\/curriculum-1024x614.jpg\",\"datePublished\":\"2026-01-22T15:24:03+00:00\",\"dateModified\":\"2026-02-25T17:41:33+00:00\",\"breadcrumb\":{\"@id\":\"https:\/\/www.altiplano.com.mx\/curriculum\/#breadcrumb\"},\"inLanguage\":\"en-US\",\"potentialAction\":[{\"@type\":\"ReadAction\",\"target\":[\"https:\/\/www.altiplano.com.mx\/curriculum\/\"]}]},{\"@type\":\"ImageObject\",\"inLanguage\":\"en-US\",\"@id\":\"https:\/\/www.altiplano.com.mx\/curriculum\/#primaryimage\",\"url\":\"https:\/\/www.altiplano.com.mx\/wp-content\/uploads\/2026\/02\/curriculum-1024x614.jpg\",\"contentUrl\":\"https:\/\/www.altiplano.com.mx\/wp-content\/uploads\/2026\/02\/curriculum-1024x614.jpg\"},{\"@type\":\"BreadcrumbList\",\"@id\":\"https:\/\/www.altiplano.com.mx\/curriculum\/#breadcrumb\",\"itemListElement\":[{\"@type\":\"ListItem\",\"position\":1,\"name\":\"Portada\",\"item\":\"https:\/\/www.altiplano.com.mx\/\"},{\"@type\":\"ListItem\",\"position\":2,\"name\":\"Curriculum\"}]},{\"@type\":\"WebSite\",\"@id\":\"https:\/\/www.altiplano.com.mx\/#website\",\"url\":\"https:\/\/www.altiplano.com.mx\/\",\"name\":\"Altiplano\",\"description\":\"Arquitectura\",\"publisher\":{\"@id\":\"https:\/\/www.altiplano.com.mx\/#organization\"},\"potentialAction\":[{\"@type\":\"SearchAction\",\"target\":{\"@type\":\"EntryPoint\",\"urlTemplate\":\"https:\/\/www.altiplano.com.mx\/?s={search_term_string}\"},\"query-input\":{\"@type\":\"PropertyValueSpecification\",\"valueRequired\":true,\"valueName\":\"search_term_string\"}}],\"inLanguage\":\"en-US\"},{\"@type\":\"Organization\",\"@id\":\"https:\/\/www.altiplano.com.mx\/#organization\",\"name\":\"Altiplano\",\"url\":\"https:\/\/www.altiplano.com.mx\/\",\"logo\":{\"@type\":\"ImageObject\",\"inLanguage\":\"en-US\",\"@id\":\"https:\/\/www.altiplano.com.mx\/#\/schema\/logo\/image\/\",\"url\":\"https:\/\/www.altiplano.com.mx\/wp-content\/uploads\/2026\/03\/Share.png\",\"contentUrl\":\"https:\/\/www.altiplano.com.mx\/wp-content\/uploads\/2026\/03\/Share.png\",\"width\":1200,\"height\":675,\"caption\":\"Altiplano\"},\"image\":{\"@id\":\"https:\/\/www.altiplano.com.mx\/#\/schema\/logo\/image\/\"}}]}<\/script>\n<!-- \/ Yoast SEO plugin. -->","yoast_head_json":{"title":"Curriculum - Altiplano","robots":{"index":"index","follow":"follow","max-snippet":"max-snippet:-1","max-image-preview":"max-image-preview:large","max-video-preview":"max-video-preview:-1"},"canonical":"https:\/\/www.altiplano.com.mx\/en\/curriculum\/","og_locale":"en_US","og_type":"article","og_title":"Curriculum - Altiplano","og_description":"Las ciudades, como los sue\u00f1os, est\u00e1n hechas de deseos y de miedos. Roberto Jim\u00e9nez Ramos arquitecto Roberto Jim\u00e9nez-Ramos es un arquitecto nacido en la Ciudad de M\u00e9xico. Es licenciado en Arquitectura por la Universidad Iberoamericana, cuenta con una maestr\u00eda en Dise\u00f1o Arquitect\u00f3nico por la Universidad de Harvard y un diplomado en Finanzas por el Tecnol\u00f3gico [&hellip;]","og_url":"https:\/\/www.altiplano.com.mx\/en\/curriculum\/","og_site_name":"Altiplano","article_modified_time":"2026-02-25T17:41:33+00:00","og_image":[{"width":1168,"height":700,"url":"https:\/\/www.altiplano.com.mx\/wp-content\/uploads\/2026\/02\/curriculum.jpg","type":"image\/jpeg"}],"twitter_card":"summary_large_image","twitter_misc":{"Est. reading time":"2 minutes"},"schema":{"@context":"https:\/\/schema.org","@graph":[{"@type":"WebPage","@id":"https:\/\/www.altiplano.com.mx\/curriculum\/","url":"https:\/\/www.altiplano.com.mx\/curriculum\/","name":"Curriculum - Altiplano","isPartOf":{"@id":"https:\/\/www.altiplano.com.mx\/#website"},"primaryImageOfPage":{"@id":"https:\/\/www.altiplano.com.mx\/curriculum\/#primaryimage"},"image":{"@id":"https:\/\/www.altiplano.com.mx\/curriculum\/#primaryimage"},"thumbnailUrl":"https:\/\/www.altiplano.com.mx\/wp-content\/uploads\/2026\/02\/curriculum-1024x614.jpg","datePublished":"2026-01-22T15:24:03+00:00","dateModified":"2026-02-25T17:41:33+00:00","breadcrumb":{"@id":"https:\/\/www.altiplano.com.mx\/curriculum\/#breadcrumb"},"inLanguage":"en-US","potentialAction":[{"@type":"ReadAction","target":["https:\/\/www.altiplano.com.mx\/curriculum\/"]}]},{"@type":"ImageObject","inLanguage":"en-US","@id":"https:\/\/www.altiplano.com.mx\/curriculum\/#primaryimage","url":"https:\/\/www.altiplano.com.mx\/wp-content\/uploads\/2026\/02\/curriculum-1024x614.jpg","contentUrl":"https:\/\/www.altiplano.com.mx\/wp-content\/uploads\/2026\/02\/curriculum-1024x614.jpg"},{"@type":"BreadcrumbList","@id":"https:\/\/www.altiplano.com.mx\/curriculum\/#breadcrumb","itemListElement":[{"@type":"ListItem","position":1,"name":"Portada","item":"https:\/\/www.altiplano.com.mx\/"},{"@type":"ListItem","position":2,"name":"Curriculum"}]},{"@type":"WebSite","@id":"https:\/\/www.altiplano.com.mx\/#website","url":"https:\/\/www.altiplano.com.mx\/","name":"Altiplano","description":"Arquitectura","publisher":{"@id":"https:\/\/www.altiplano.com.mx\/#organization"},"potentialAction":[{"@type":"SearchAction","target":{"@type":"EntryPoint","urlTemplate":"https:\/\/www.altiplano.com.mx\/?s={search_term_string}"},"query-input":{"@type":"PropertyValueSpecification","valueRequired":true,"valueName":"search_term_string"}}],"inLanguage":"en-US"},{"@type":"Organization","@id":"https:\/\/www.altiplano.com.mx\/#organization","name":"Altiplano","url":"https:\/\/www.altiplano.com.mx\/","logo":{"@type":"ImageObject","inLanguage":"en-US","@id":"https:\/\/www.altiplano.com.mx\/#\/schema\/logo\/image\/","url":"https:\/\/www.altiplano.com.mx\/wp-content\/uploads\/2026\/03\/Share.png","contentUrl":"https:\/\/www.altiplano.com.mx\/wp-content\/uploads\/2026\/03\/Share.png","width":1200,"height":675,"caption":"Altiplano"},"image":{"@id":"https:\/\/www.altiplano.com.mx\/#\/schema\/logo\/image\/"}}]}},"_links":{"self":[{"href":"https:\/\/www.altiplano.com.mx\/en\/wp-json\/wp\/v2\/pages\/9892","targetHints":{"allow":["GET"]}}],"collection":[{"href":"https:\/\/www.altiplano.com.mx\/en\/wp-json\/wp\/v2\/pages"}],"about":[{"href":"https:\/\/www.altiplano.com.mx\/en\/wp-json\/wp\/v2\/types\/page"}],"author":[{"embeddable":true,"href":"https:\/\/www.altiplano.com.mx\/en\/wp-json\/wp\/v2\/users\/1"}],"replies":[{"embeddable":true,"href":"https:\/\/www.altiplano.com.mx\/en\/wp-json\/wp\/v2\/comments?post=9892"}],"version-history":[{"count":0,"href":"https:\/\/www.altiplano.com.mx\/en\/wp-json\/wp\/v2\/pages\/9892\/revisions"}],"wp:attachment":[{"href":"https:\/\/www.altiplano.com.mx\/en\/wp-json\/wp\/v2\/media?parent=9892"}],"curies":[{"name":"wp","href":"https:\/\/api.w.org\/{rel}","templated":true}]}}